{"id":71,"date":"2021-08-07T13:48:20","date_gmt":"2021-08-07T13:48:20","guid":{"rendered":"https:\/\/agrilia-studios.gr\/?page_id=71"},"modified":"2021-08-31T10:37:28","modified_gmt":"2021-08-31T10:37:28","slug":"deutch","status":"publish","type":"page","link":"https:\/\/agrilia-studios.gr\/?page_id=71","title":{"rendered":"DEUTSCH"},"content":{"rendered":"\n<p><strong><em>Entdecken Sie Korfu<\/em><\/strong><\/p>\n\n\n\n<figure class=\"wp-block-image size-large\"><img loading=\"lazy\" decoding=\"async\" width=\"1024\" height=\"644\" src=\"https:\/\/agrilia-studios.gr\/wp-content\/uploads\/2021\/08\/132963-viewom-1-1024x644.jpg\" alt=\"\" class=\"wp-image-63\" srcset=\"https:\/\/agrilia-studios.gr\/wp-content\/uploads\/2021\/08\/132963-viewom-1-1024x644.jpg 1024w, https:\/\/agrilia-studios.gr\/wp-content\/uploads\/2021\/08\/132963-viewom-1-300x189.jpg 300w, https:\/\/agrilia-studios.gr\/wp-content\/uploads\/2021\/08\/132963-viewom-1-768x483.jpg 768w, https:\/\/agrilia-studios.gr\/wp-content\/uploads\/2021\/08\/132963-viewom-1.jpg 1241w\" sizes=\"auto, (max-width: 1024px) 100vw, 1024px\" \/><\/figure>\n\n\n\n<p>Die Insel Korfu ist mit ihren abwechslungsreichen Landschaften und ihrer \u00fcppigen Vegetation von gro\u00dfer Sch\u00f6nheit. Riesige Olivenhaine, viele Zypressen, Zitrusb\u00e4ume und &#8211; besonders im Fr\u00fchling &#8211; eine reichhaltige Blumen-und Bl\u00fctenpracht pr\u00e4gen den Charakter der Insel.<\/p>\n\n\n\n<p><strong><em> Agios Georgios Pagi <\/em><\/strong><\/p>\n\n\n\n<figure class=\"wp-block-image size-large\"><img loading=\"lazy\" decoding=\"async\" width=\"1024\" height=\"768\" src=\"https:\/\/agrilia-studios.gr\/wp-content\/uploads\/2021\/08\/IMG-3cb6106ec6477b1f1a22110c0cfa73e0-V-1024x768.jpg\" alt=\"\" class=\"wp-image-109\" srcset=\"https:\/\/agrilia-studios.gr\/wp-content\/uploads\/2021\/08\/IMG-3cb6106ec6477b1f1a22110c0cfa73e0-V-1024x768.jpg 1024w, https:\/\/agrilia-studios.gr\/wp-content\/uploads\/2021\/08\/IMG-3cb6106ec6477b1f1a22110c0cfa73e0-V-300x225.jpg 300w, https:\/\/agrilia-studios.gr\/wp-content\/uploads\/2021\/08\/IMG-3cb6106ec6477b1f1a22110c0cfa73e0-V-768x576.jpg 768w, https:\/\/agrilia-studios.gr\/wp-content\/uploads\/2021\/08\/IMG-3cb6106ec6477b1f1a22110c0cfa73e0-V-1536x1152.jpg 1536w, https:\/\/agrilia-studios.gr\/wp-content\/uploads\/2021\/08\/IMG-3cb6106ec6477b1f1a22110c0cfa73e0-V.jpg 1600w\" sizes=\"auto, (max-width: 1024px) 100vw, 1024px\" \/><\/figure>\n\n\n\n<p>Die Bucht Agios Georgios hat einen 3 Kilometer langen herrlichen Sandstrand mit kristallklarem Wasser, dessen Sauberkeit von der europ\u00e4ischen Umweltbeh\u00f6rde ausgezeichnet wurde.<\/p>\n\n\n\n<figure class=\"wp-block-image size-full\"><img loading=\"lazy\" decoding=\"async\" width=\"1024\" height=\"683\" src=\"https:\/\/agrilia-studios.gr\/wp-content\/uploads\/2021\/08\/walking-path.jpg\" alt=\"\" class=\"wp-image-79\" srcset=\"https:\/\/agrilia-studios.gr\/wp-content\/uploads\/2021\/08\/walking-path.jpg 1024w, https:\/\/agrilia-studios.gr\/wp-content\/uploads\/2021\/08\/walking-path-300x200.jpg 300w, https:\/\/agrilia-studios.gr\/wp-content\/uploads\/2021\/08\/walking-path-768x512.jpg 768w\" sizes=\"auto, (max-width: 1024px) 100vw, 1024px\" \/><\/figure>\n\n\n\n<p>Der Nordwesten von Korfu ist besonders gr\u00fcn. Er bietet unz\u00e4hlige sch\u00f6ne Sandstr\u00e4nde, urspr\u00fcngliche Bergd\u00f6rfer und gute Wanderm\u00f6glichkeiten.<\/p>\n\n\n\n<p>Der Strand bietet vielf\u00e4ltige M\u00f6glichkeiten mit kinderfreundlich flachen Stellen, \u00fcber schneller abfallenden Bereiche, bis hin zu Felsformationen, die zum Schnorcheln einladen. Es werden vielf\u00e4ltige Wassersportm\u00f6glichkeiten (wie Segeln, Surfen, Tauchen und Bootsverleih) angeboten.<\/p>\n\n\n\n<p>In der wundervollen gr\u00fcnen Umgebung finden Sie zahlreiche sch\u00f6ne Spazier-und Wanderm\u00f6glichkeiten. Im idyllischen Honigtal ist auf einem biologischen Bauernhof auch Reiten m\u00f6glich.<\/p>\n\n\n\n<figure class=\"wp-block-image size-large\"><img loading=\"lazy\" decoding=\"async\" width=\"1024\" height=\"683\" src=\"https:\/\/agrilia-studios.gr\/wp-content\/uploads\/2021\/08\/agios_georgios_pagon_pagi_05-13-1980-1485-90-1024x683.jpg\" alt=\"\" class=\"wp-image-80\" srcset=\"https:\/\/agrilia-studios.gr\/wp-content\/uploads\/2021\/08\/agios_georgios_pagon_pagi_05-13-1980-1485-90-1024x683.jpg 1024w, https:\/\/agrilia-studios.gr\/wp-content\/uploads\/2021\/08\/agios_georgios_pagon_pagi_05-13-1980-1485-90-300x200.jpg 300w, https:\/\/agrilia-studios.gr\/wp-content\/uploads\/2021\/08\/agios_georgios_pagon_pagi_05-13-1980-1485-90-768x512.jpg 768w, https:\/\/agrilia-studios.gr\/wp-content\/uploads\/2021\/08\/agios_georgios_pagon_pagi_05-13-1980-1485-90-1536x1024.jpg 1536w, https:\/\/agrilia-studios.gr\/wp-content\/uploads\/2021\/08\/agios_georgios_pagon_pagi_05-13-1980-1485-90.jpg 1980w\" sizes=\"auto, (max-width: 1024px) 100vw, 1024px\" \/><\/figure>\n\n\n\n<p>Agios Georgios hat ein mildes Klima. Oft weht ein leichter Wind und sorgt auch im Hochsommer f\u00fcr angenehme Temperaturen und Abk\u00fchlung in der Nacht.<\/p>\n\n\n\n<p>Im Ort laden zahlreiche Tavernen und Caf\u00e9s &#8211; viele mit Terrassen am Meer -zu griechischen Spezialit\u00e4ten und frischem Fisch ein. Zum Einkaufen gibt es mehrere Superm\u00e4rkte mit einem gro\u00dfen Angebot &#8211; bis hin zu biologisch angebauten Lebensmitteln.<\/p>\n\n\n\n<p>Der Ort hat eine legere\u00a0Atmosph\u00e4re und bietet mit seiner herrlichen Umgebung die M\u00f6glichkeit zu einem ruhigen und naturnahen Urlaub.<\/p>\n\n\n\n<p><strong><em>Korfu-Stadt<\/em><\/strong><\/p>\n\n\n\n<figure class=\"wp-block-image size-large\"><img loading=\"lazy\" decoding=\"async\" width=\"1024\" height=\"681\" src=\"https:\/\/agrilia-studios.gr\/wp-content\/uploads\/2021\/08\/CorfuTown-iStock-596046102-1024x681.jpg\" alt=\"\" class=\"wp-image-81\" srcset=\"https:\/\/agrilia-studios.gr\/wp-content\/uploads\/2021\/08\/CorfuTown-iStock-596046102-1024x681.jpg 1024w, https:\/\/agrilia-studios.gr\/wp-content\/uploads\/2021\/08\/CorfuTown-iStock-596046102-300x199.jpg 300w, https:\/\/agrilia-studios.gr\/wp-content\/uploads\/2021\/08\/CorfuTown-iStock-596046102-768x511.jpg 768w, https:\/\/agrilia-studios.gr\/wp-content\/uploads\/2021\/08\/CorfuTown-iStock-596046102.jpg 1208w\" sizes=\"auto, (max-width: 1024px) 100vw, 1024px\" \/><\/figure>\n\n\n\n<p>Die Inselhauptstadt hat eine sehenswerte und lebendige Altstadt, zwei\u00a0alte Festungen, viele Museen und einen sch\u00f6nen Markt.<\/p>\n\n\n\n<p><strong><em>Transfer<\/em><\/strong><\/p>\n\n\n\n<p>Der Transfer vom Flughafen (ca. Eine Stunde) mit dem Taxi oder einem Reiseunternehmen kann auf Wunsch organisiert werden. Die Insel ist mit der F\u00e4hre oder mit Direktfl\u00fcgen zu erreichen.<\/p>\n\n\n\n<p><strong><em>Agrilia Studios<\/em><\/strong><\/p>\n\n\n\n<figure class=\"wp-block-image size-large\"><img loading=\"lazy\" decoding=\"async\" width=\"1024\" height=\"1024\" src=\"https:\/\/agrilia-studios.gr\/wp-content\/uploads\/2021\/07\/cropped-IMG_20190807_205100_1-scaled-3-1024x1024.jpg\" alt=\"\" class=\"wp-image-67\" srcset=\"https:\/\/agrilia-studios.gr\/wp-content\/uploads\/2021\/07\/cropped-IMG_20190807_205100_1-scaled-3-1024x1024.jpg 1024w, https:\/\/agrilia-studios.gr\/wp-content\/uploads\/2021\/07\/cropped-IMG_20190807_205100_1-scaled-3-300x300.jpg 300w, https:\/\/agrilia-studios.gr\/wp-content\/uploads\/2021\/07\/cropped-IMG_20190807_205100_1-scaled-3-150x150.jpg 150w, https:\/\/agrilia-studios.gr\/wp-content\/uploads\/2021\/07\/cropped-IMG_20190807_205100_1-scaled-3-768x767.jpg 768w, https:\/\/agrilia-studios.gr\/wp-content\/uploads\/2021\/07\/cropped-IMG_20190807_205100_1-scaled-3.jpg 1441w\" sizes=\"auto, (max-width: 1024px) 100vw, 1024px\" \/><\/figure>\n\n\n\n<p>Das Haus Agrilia liegt auf einer kleinen, gr\u00fcn bewachsenen Anh\u00f6he. Der Strandt ist in etwa zehn Minuten zu Fu\u00df, mit dem Auto auf einem&nbsp; Weg von 500 m zu erreichen.<\/p>\n\n\n\n<p>Das Haus hat sechs Studios und ein Appartement, alle ausgestattet mit Duschbad, Heizung und einer K\u00fcchenzeile mit K\u00fchlschrank. Alle Studios (mit zwei Betten) haben jeweils einen Balkon mit Meerblick und auf der anderen Seite eine sch\u00f6ne Aussicht \u00fcber Olivenhaine und bewaldete Berge.<\/p>\n\n\n\n<figure class=\"wp-block-image size-large\"><img loading=\"lazy\" decoding=\"async\" width=\"1024\" height=\"768\" src=\"https:\/\/agrilia-studios.gr\/wp-content\/uploads\/2021\/08\/IMG-5774a5ecf56bd67c373860e1e0da744d-V-1024x768.jpg\" alt=\"\" class=\"wp-image-122\" srcset=\"https:\/\/agrilia-studios.gr\/wp-content\/uploads\/2021\/08\/IMG-5774a5ecf56bd67c373860e1e0da744d-V-1024x768.jpg 1024w, https:\/\/agrilia-studios.gr\/wp-content\/uploads\/2021\/08\/IMG-5774a5ecf56bd67c373860e1e0da744d-V-300x225.jpg 300w, https:\/\/agrilia-studios.gr\/wp-content\/uploads\/2021\/08\/IMG-5774a5ecf56bd67c373860e1e0da744d-V-768x576.jpg 768w, https:\/\/agrilia-studios.gr\/wp-content\/uploads\/2021\/08\/IMG-5774a5ecf56bd67c373860e1e0da744d-V-1536x1152.jpg 1536w, https:\/\/agrilia-studios.gr\/wp-content\/uploads\/2021\/08\/IMG-5774a5ecf56bd67c373860e1e0da744d-V.jpg 1600w\" sizes=\"auto, (max-width: 1024px) 100vw, 1024px\" \/><\/figure>\n\n\n\n<figure class=\"wp-block-image size-large\"><img loading=\"lazy\" decoding=\"async\" width=\"1024\" height=\"683\" src=\"https:\/\/agrilia-studios.gr\/wp-content\/uploads\/2021\/08\/A-068-1024x683.jpg\" alt=\"\" class=\"wp-image-84\" srcset=\"https:\/\/agrilia-studios.gr\/wp-content\/uploads\/2021\/08\/A-068-1024x683.jpg 1024w, https:\/\/agrilia-studios.gr\/wp-content\/uploads\/2021\/08\/A-068-300x200.jpg 300w, https:\/\/agrilia-studios.gr\/wp-content\/uploads\/2021\/08\/A-068-768x513.jpg 768w, https:\/\/agrilia-studios.gr\/wp-content\/uploads\/2021\/08\/A-068-1536x1025.jpg 1536w, https:\/\/agrilia-studios.gr\/wp-content\/uploads\/2021\/08\/A-068-2048x1367.jpg 2048w\" sizes=\"auto, (max-width: 1024px) 100vw, 1024px\" \/><\/figure>\n\n\n\n<div class=\"wp-block-image\"><figure class=\"aligncenter size-large\"><img loading=\"lazy\" decoding=\"async\" width=\"683\" height=\"1024\" src=\"https:\/\/agrilia-studios.gr\/wp-content\/uploads\/2021\/08\/A-071-683x1024.jpg\" alt=\"\" class=\"wp-image-101\" srcset=\"https:\/\/agrilia-studios.gr\/wp-content\/uploads\/2021\/08\/A-071-683x1024.jpg 683w, https:\/\/agrilia-studios.gr\/wp-content\/uploads\/2021\/08\/A-071-200x300.jpg 200w, https:\/\/agrilia-studios.gr\/wp-content\/uploads\/2021\/08\/A-071-768x1151.jpg 768w, https:\/\/agrilia-studios.gr\/wp-content\/uploads\/2021\/08\/A-071-1025x1536.jpg 1025w, https:\/\/agrilia-studios.gr\/wp-content\/uploads\/2021\/08\/A-071-1367x2048.jpg 1367w, https:\/\/agrilia-studios.gr\/wp-content\/uploads\/2021\/08\/A-071-scaled.jpg 1709w\" sizes=\"auto, (max-width: 683px) 100vw, 683px\" \/><\/figure><\/div>\n\n\n\n<figure class=\"wp-block-image size-large\"><img loading=\"lazy\" decoding=\"async\" width=\"1024\" height=\"683\" src=\"https:\/\/agrilia-studios.gr\/wp-content\/uploads\/2021\/08\/A-075-1024x683.jpg\" alt=\"\" class=\"wp-image-102\" srcset=\"https:\/\/agrilia-studios.gr\/wp-content\/uploads\/2021\/08\/A-075-1024x683.jpg 1024w, https:\/\/agrilia-studios.gr\/wp-content\/uploads\/2021\/08\/A-075-300x200.jpg 300w, https:\/\/agrilia-studios.gr\/wp-content\/uploads\/2021\/08\/A-075-768x513.jpg 768w, https:\/\/agrilia-studios.gr\/wp-content\/uploads\/2021\/08\/A-075-1536x1025.jpg 1536w, https:\/\/agrilia-studios.gr\/wp-content\/uploads\/2021\/08\/A-075-2048x1367.jpg 2048w\" sizes=\"auto, (max-width: 1024px) 100vw, 1024px\" \/><\/figure>\n\n\n\n<p>.Das Appartement mit zwei Schlafr\u00e4umen und einem Aufenthaltsraum hat einen Gartenblick.<\/p>\n\n\n\n<figure class=\"wp-block-image size-large\"><img loading=\"lazy\" decoding=\"async\" width=\"1024\" height=\"768\" src=\"https:\/\/agrilia-studios.gr\/wp-content\/uploads\/2021\/08\/IMG-b6de13391bb22fb25f8879e4f02d0b16-V-1024x768.jpg\" alt=\"\" class=\"wp-image-114\" srcset=\"https:\/\/agrilia-studios.gr\/wp-content\/uploads\/2021\/08\/IMG-b6de13391bb22fb25f8879e4f02d0b16-V-1024x768.jpg 1024w, https:\/\/agrilia-studios.gr\/wp-content\/uploads\/2021\/08\/IMG-b6de13391bb22fb25f8879e4f02d0b16-V-300x225.jpg 300w, https:\/\/agrilia-studios.gr\/wp-content\/uploads\/2021\/08\/IMG-b6de13391bb22fb25f8879e4f02d0b16-V-768x576.jpg 768w, https:\/\/agrilia-studios.gr\/wp-content\/uploads\/2021\/08\/IMG-b6de13391bb22fb25f8879e4f02d0b16-V-1536x1152.jpg 1536w, https:\/\/agrilia-studios.gr\/wp-content\/uploads\/2021\/08\/IMG-b6de13391bb22fb25f8879e4f02d0b16-V.jpg 1600w\" sizes=\"auto, (max-width: 1024px) 100vw, 1024px\" \/><\/figure>\n\n\n\n<figure class=\"wp-block-image size-large\"><img loading=\"lazy\" decoding=\"async\" width=\"1024\" height=\"768\" src=\"https:\/\/agrilia-studios.gr\/wp-content\/uploads\/2021\/08\/IMG-a4f0e3c0c8a454a8d2722214d60fe677-V-1024x768.jpg\" alt=\"\" class=\"wp-image-113\" srcset=\"https:\/\/agrilia-studios.gr\/wp-content\/uploads\/2021\/08\/IMG-a4f0e3c0c8a454a8d2722214d60fe677-V-1024x768.jpg 1024w, https:\/\/agrilia-studios.gr\/wp-content\/uploads\/2021\/08\/IMG-a4f0e3c0c8a454a8d2722214d60fe677-V-300x225.jpg 300w, https:\/\/agrilia-studios.gr\/wp-content\/uploads\/2021\/08\/IMG-a4f0e3c0c8a454a8d2722214d60fe677-V-768x576.jpg 768w, https:\/\/agrilia-studios.gr\/wp-content\/uploads\/2021\/08\/IMG-a4f0e3c0c8a454a8d2722214d60fe677-V-1536x1152.jpg 1536w, https:\/\/agrilia-studios.gr\/wp-content\/uploads\/2021\/08\/IMG-a4f0e3c0c8a454a8d2722214d60fe677-V.jpg 1600w\" sizes=\"auto, (max-width: 1024px) 100vw, 1024px\" \/><\/figure>\n\n\n\n<figure class=\"wp-block-image size-large\"><img loading=\"lazy\" decoding=\"async\" width=\"1024\" height=\"768\" src=\"https:\/\/agrilia-studios.gr\/wp-content\/uploads\/2021\/08\/IMG-8198392fa4a5c3262e8af21156dd0a3d-V-1024x768.jpg\" alt=\"\" class=\"wp-image-112\" srcset=\"https:\/\/agrilia-studios.gr\/wp-content\/uploads\/2021\/08\/IMG-8198392fa4a5c3262e8af21156dd0a3d-V-1024x768.jpg 1024w, https:\/\/agrilia-studios.gr\/wp-content\/uploads\/2021\/08\/IMG-8198392fa4a5c3262e8af21156dd0a3d-V-300x225.jpg 300w, https:\/\/agrilia-studios.gr\/wp-content\/uploads\/2021\/08\/IMG-8198392fa4a5c3262e8af21156dd0a3d-V-768x576.jpg 768w, https:\/\/agrilia-studios.gr\/wp-content\/uploads\/2021\/08\/IMG-8198392fa4a5c3262e8af21156dd0a3d-V-1536x1152.jpg 1536w, https:\/\/agrilia-studios.gr\/wp-content\/uploads\/2021\/08\/IMG-8198392fa4a5c3262e8af21156dd0a3d-V.jpg 1600w\" sizes=\"auto, (max-width: 1024px) 100vw, 1024px\" \/><\/figure>\n\n\n\n<p>Der Garten bietet idyllische, schattige Sitzpl\u00e4tze unter Olivenb\u00e4umen mit herrlichen Ausblicken. F\u00fcr Kinder gibt es einen kleinen Spielplatz. Die ruhige Lage und die angenehme Atmosph\u00e4re des Hauses Agrilia erm\u00f6glichen sch\u00f6ne und erholsame Ferien. Die gastfreundlichen Vermieter sprechen auch Englisch.<\/p>\n\n\n\n<figure class=\"wp-block-image size-large\"><img loading=\"lazy\" decoding=\"async\" width=\"1024\" height=\"683\" src=\"https:\/\/agrilia-studios.gr\/wp-content\/uploads\/2021\/08\/A-080-1024x683.jpg\" alt=\"\" class=\"wp-image-85\" srcset=\"https:\/\/agrilia-studios.gr\/wp-content\/uploads\/2021\/08\/A-080-1024x683.jpg 1024w, https:\/\/agrilia-studios.gr\/wp-content\/uploads\/2021\/08\/A-080-300x200.jpg 300w, https:\/\/agrilia-studios.gr\/wp-content\/uploads\/2021\/08\/A-080-768x513.jpg 768w, https:\/\/agrilia-studios.gr\/wp-content\/uploads\/2021\/08\/A-080-1536x1025.jpg 1536w, https:\/\/agrilia-studios.gr\/wp-content\/uploads\/2021\/08\/A-080-2048x1367.jpg 2048w\" sizes=\"auto, (max-width: 1024px) 100vw, 1024px\" \/><\/figure>\n\n\n\n<figure class=\"wp-block-image size-large\"><img loading=\"lazy\" decoding=\"async\" width=\"1024\" height=\"768\" src=\"https:\/\/agrilia-studios.gr\/wp-content\/uploads\/2021\/08\/IMG-68a76d71324edcf2515be5c8caef70c4-V-1024x768.jpg\" alt=\"\" class=\"wp-image-115\" srcset=\"https:\/\/agrilia-studios.gr\/wp-content\/uploads\/2021\/08\/IMG-68a76d71324edcf2515be5c8caef70c4-V-1024x768.jpg 1024w, https:\/\/agrilia-studios.gr\/wp-content\/uploads\/2021\/08\/IMG-68a76d71324edcf2515be5c8caef70c4-V-300x225.jpg 300w, https:\/\/agrilia-studios.gr\/wp-content\/uploads\/2021\/08\/IMG-68a76d71324edcf2515be5c8caef70c4-V-768x576.jpg 768w, https:\/\/agrilia-studios.gr\/wp-content\/uploads\/2021\/08\/IMG-68a76d71324edcf2515be5c8caef70c4-V-1536x1152.jpg 1536w, https:\/\/agrilia-studios.gr\/wp-content\/uploads\/2021\/08\/IMG-68a76d71324edcf2515be5c8caef70c4-V.jpg 1600w\" sizes=\"auto, (max-width: 1024px) 100vw, 1024px\" \/><\/figure>\n\n\n\n<p>Das Haus Agrilia kann auch f\u00fcr Gruppen gebucht werden. Gruppenarbeit kann ungest\u00f6rt auf idyllischen Pl\u00e4tzen zwischen den Olivenb\u00e4umen oder\u00a0auf der gro\u00dfen Dachterrasse stattfinden, bei schlechtem Wetter aber auch in einem 50m<sup>2<\/sup>\u00a0gro\u00dfen Gruppenraum.<\/p>\n\n\n\n<figure class=\"wp-block-image size-large\"><img loading=\"lazy\" decoding=\"async\" width=\"1024\" height=\"683\" src=\"https:\/\/agrilia-studios.gr\/wp-content\/uploads\/2021\/08\/A-037-1024x683.jpg\" alt=\"\" class=\"wp-image-86\" srcset=\"https:\/\/agrilia-studios.gr\/wp-content\/uploads\/2021\/08\/A-037-1024x683.jpg 1024w, https:\/\/agrilia-studios.gr\/wp-content\/uploads\/2021\/08\/A-037-300x200.jpg 300w, https:\/\/agrilia-studios.gr\/wp-content\/uploads\/2021\/08\/A-037-768x513.jpg 768w, https:\/\/agrilia-studios.gr\/wp-content\/uploads\/2021\/08\/A-037-1536x1025.jpg 1536w, https:\/\/agrilia-studios.gr\/wp-content\/uploads\/2021\/08\/A-037-2048x1367.jpg 2048w\" sizes=\"auto, (max-width: 1024px) 100vw, 1024px\" \/><\/figure>\n\n\n\n<figure class=\"wp-block-image size-large\"><img loading=\"lazy\" decoding=\"async\" width=\"1024\" height=\"768\" src=\"https:\/\/agrilia-studios.gr\/wp-content\/uploads\/2021\/08\/IMG-0f3e60b2266b7f99bc129485d0b92c76-V-1024x768.jpg\" alt=\"\" class=\"wp-image-118\" srcset=\"https:\/\/agrilia-studios.gr\/wp-content\/uploads\/2021\/08\/IMG-0f3e60b2266b7f99bc129485d0b92c76-V-1024x768.jpg 1024w, https:\/\/agrilia-studios.gr\/wp-content\/uploads\/2021\/08\/IMG-0f3e60b2266b7f99bc129485d0b92c76-V-300x225.jpg 300w, https:\/\/agrilia-studios.gr\/wp-content\/uploads\/2021\/08\/IMG-0f3e60b2266b7f99bc129485d0b92c76-V-768x576.jpg 768w, https:\/\/agrilia-studios.gr\/wp-content\/uploads\/2021\/08\/IMG-0f3e60b2266b7f99bc129485d0b92c76-V-1536x1152.jpg 1536w, https:\/\/agrilia-studios.gr\/wp-content\/uploads\/2021\/08\/IMG-0f3e60b2266b7f99bc129485d0b92c76-V.jpg 1600w\" sizes=\"auto, (max-width: 1024px) 100vw, 1024px\" \/><\/figure>\n\n\n\n<figure class=\"wp-block-image size-large\"><img loading=\"lazy\" decoding=\"async\" width=\"1024\" height=\"768\" src=\"https:\/\/agrilia-studios.gr\/wp-content\/uploads\/2021\/08\/IMG-bd0d1ff55060c2ad87bd5f8c0b415625-V-1024x768.jpg\" alt=\"\" class=\"wp-image-120\" srcset=\"https:\/\/agrilia-studios.gr\/wp-content\/uploads\/2021\/08\/IMG-bd0d1ff55060c2ad87bd5f8c0b415625-V-1024x768.jpg 1024w, https:\/\/agrilia-studios.gr\/wp-content\/uploads\/2021\/08\/IMG-bd0d1ff55060c2ad87bd5f8c0b415625-V-300x225.jpg 300w, https:\/\/agrilia-studios.gr\/wp-content\/uploads\/2021\/08\/IMG-bd0d1ff55060c2ad87bd5f8c0b415625-V-768x576.jpg 768w, https:\/\/agrilia-studios.gr\/wp-content\/uploads\/2021\/08\/IMG-bd0d1ff55060c2ad87bd5f8c0b415625-V-1536x1152.jpg 1536w, https:\/\/agrilia-studios.gr\/wp-content\/uploads\/2021\/08\/IMG-bd0d1ff55060c2ad87bd5f8c0b415625-V.jpg 1600w\" sizes=\"auto, (max-width: 1024px) 100vw, 1024px\" \/><\/figure>\n","protected":false},"excerpt":{"rendered":"<p>Entdecken Sie Korfu Die Insel Korfu ist mit ihren abwechslungsreichen Landschaften und ihrer \u00fcppigen Vegetation von gro\u00dfer Sch\u00f6nheit. Riesige Olivenhaine, viele Zypressen, Zitrusb\u00e4ume und &#8211;&hellip;<\/p>\n","protected":false},"author":1,"featured_media":0,"parent":0,"menu_order":0,"comment_status":"closed","ping_status":"closed","template":"","meta":{"footnotes":""},"class_list":["post-71","page","type-page","status-publish","hentry"],"_links":{"self":[{"href":"https:\/\/agrilia-studios.gr\/index.php?rest_route=\/wp\/v2\/pages\/71","targetHints":{"allow":["GET"]}}],"collection":[{"href":"https:\/\/agrilia-studios.gr\/index.php?rest_route=\/wp\/v2\/pages"}],"about":[{"href":"https:\/\/agrilia-studios.gr\/index.php?rest_route=\/wp\/v2\/types\/page"}],"author":[{"embeddable":true,"href":"https:\/\/agrilia-studios.gr\/index.php?rest_route=\/wp\/v2\/users\/1"}],"replies":[{"embeddable":true,"href":"https:\/\/agrilia-studios.gr\/index.php?rest_route=%2Fwp%2Fv2%2Fcomments&post=71"}],"version-history":[{"count":7,"href":"https:\/\/agrilia-studios.gr\/index.php?rest_route=\/wp\/v2\/pages\/71\/revisions"}],"predecessor-version":[{"id":145,"href":"https:\/\/agrilia-studios.gr\/index.php?rest_route=\/wp\/v2\/pages\/71\/revisions\/145"}],"wp:attachment":[{"href":"https:\/\/agrilia-studios.gr\/index.php?rest_route=%2Fwp%2Fv2%2Fmedia&parent=71"}],"curies":[{"name":"wp","href":"https:\/\/api.w.org\/{rel}","templated":true}]}}