{"id":137,"date":"2021-08-18T15:16:20","date_gmt":"2021-08-18T15:16:20","guid":{"rendered":"https:\/\/agrilia-studios.gr\/?page_id=137"},"modified":"2021-08-18T15:16:25","modified_gmt":"2021-08-18T15:16:25","slug":"news","status":"publish","type":"page","link":"https:\/\/agrilia-studios.gr\/?page_id=137","title":{"rendered":"NEWS"},"content":{"rendered":"\n<p><strong>AKTUELL\u00a0\u00a02021\u00a0\u00a0!!!<\/strong><\/p>\n\n\n\n<p>Liebe G\u00e4ste, liebe Freundinnen und Freunde!<\/p>\n\n\n\n<p>Der Sommer ist da!<\/p>\n\n\n\n<p>Auch in diesem Jahr geht es weiter und wir hei\u00dfen unsere G\u00e4ste und Gruppen wieder willkommen.<\/p>\n\n\n\n<p>Im Juni haben wir auch schon Kurse durchgef\u00fchrt, einen Atem- und einen Yoga-Kurs (siehe Fotos).<\/p>\n\n\n\n<p>Wir wenden alle Ma\u00dfnahmen f\u00fcr die Sicherheit entsprechend der Bestimmungen der WHO an.<\/p>\n\n\n\n<p>Wir sind covidfrei und beide geimpft.&nbsp;&nbsp;<\/p>\n\n\n\n<p>Sie k\u00f6nnen gerne Ihre Buchungen f\u00fcr die Monate Juli, August, September und Oktober machen.<\/p>\n\n\n\n<p>Wir nehmen auch schon Ihre Buchungen f\u00fcr 2022 entgegen (ohne Vorauszahlung).<\/p>\n\n\n\n<p>Wir erwarten Sie , damit Sie bei uns einen unvergesslichen Sommerurlaub verbringen k\u00f6nnen.<\/p>\n\n\n\n<p><\/p>\n\n\n\n<p>Sie finden uns auch auf unserer Seite auf Facebook.<\/p>\n\n\n\n<p>Mit lieben Gr\u00fc\u00dfen, auf ein Wiedersehen<\/p>\n\n\n\n<p>Katerina<\/p>\n\n\n\n<figure class=\"wp-block-image size-large\"><img loading=\"lazy\" decoding=\"async\" width=\"1024\" height=\"971\" src=\"https:\/\/agrilia-studios.gr\/wp-content\/uploads\/2021\/08\/3-1024x971.jpeg\" alt=\"\" class=\"wp-image-138\" srcset=\"https:\/\/agrilia-studios.gr\/wp-content\/uploads\/2021\/08\/3-1024x971.jpeg 1024w, https:\/\/agrilia-studios.gr\/wp-content\/uploads\/2021\/08\/3-300x284.jpeg 300w, https:\/\/agrilia-studios.gr\/wp-content\/uploads\/2021\/08\/3-768x728.jpeg 768w, https:\/\/agrilia-studios.gr\/wp-content\/uploads\/2021\/08\/3-1536x1456.jpeg 1536w, https:\/\/agrilia-studios.gr\/wp-content\/uploads\/2021\/08\/3-2048x1942.jpeg 2048w\" sizes=\"auto, (max-width: 1024px) 100vw, 1024px\" \/><\/figure>\n\n\n\n<figure class=\"wp-block-image size-large\"><img loading=\"lazy\" decoding=\"async\" width=\"1024\" height=\"1013\" src=\"https:\/\/agrilia-studios.gr\/wp-content\/uploads\/2021\/08\/4-1024x1013.jpeg\" alt=\"\" class=\"wp-image-139\" srcset=\"https:\/\/agrilia-studios.gr\/wp-content\/uploads\/2021\/08\/4-1024x1013.jpeg 1024w, https:\/\/agrilia-studios.gr\/wp-content\/uploads\/2021\/08\/4-300x297.jpeg 300w, https:\/\/agrilia-studios.gr\/wp-content\/uploads\/2021\/08\/4-768x760.jpeg 768w, https:\/\/agrilia-studios.gr\/wp-content\/uploads\/2021\/08\/4-1536x1520.jpeg 1536w, https:\/\/agrilia-studios.gr\/wp-content\/uploads\/2021\/08\/4-2048x2027.jpeg 2048w\" sizes=\"auto, (max-width: 1024px) 100vw, 1024px\" \/><\/figure>\n\n\n\n<figure class=\"wp-block-image size-large\"><img loading=\"lazy\" decoding=\"async\" width=\"986\" height=\"1024\" src=\"https:\/\/agrilia-studios.gr\/wp-content\/uploads\/2021\/08\/8-986x1024.jpg\" alt=\"\" class=\"wp-image-140\" srcset=\"https:\/\/agrilia-studios.gr\/wp-content\/uploads\/2021\/08\/8-986x1024.jpg 986w, https:\/\/agrilia-studios.gr\/wp-content\/uploads\/2021\/08\/8-289x300.jpg 289w, https:\/\/agrilia-studios.gr\/wp-content\/uploads\/2021\/08\/8-768x797.jpg 768w, https:\/\/agrilia-studios.gr\/wp-content\/uploads\/2021\/08\/8-1480x1536.jpg 1480w, https:\/\/agrilia-studios.gr\/wp-content\/uploads\/2021\/08\/8-1973x2048.jpg 1973w\" sizes=\"auto, (max-width: 986px) 100vw, 986px\" \/><\/figure>\n","protected":false},"excerpt":{"rendered":"<p>AKTUELL\u00a0\u00a02021\u00a0\u00a0!!! Liebe G\u00e4ste, liebe Freundinnen und Freunde! Der Sommer ist da! Auch in diesem Jahr geht es weiter und wir hei\u00dfen unsere G\u00e4ste und Gruppen&hellip;<\/p>\n","protected":false},"author":1,"featured_media":0,"parent":0,"menu_order":0,"comment_status":"closed","ping_status":"closed","template":"","meta":{"footnotes":""},"class_list":["post-137","page","type-page","status-publish","hentry"],"_links":{"self":[{"href":"https:\/\/agrilia-studios.gr\/index.php?rest_route=\/wp\/v2\/pages\/137","targetHints":{"allow":["GET"]}}],"collection":[{"href":"https:\/\/agrilia-studios.gr\/index.php?rest_route=\/wp\/v2\/pages"}],"about":[{"href":"https:\/\/agrilia-studios.gr\/index.php?rest_route=\/wp\/v2\/types\/page"}],"author":[{"embeddable":true,"href":"https:\/\/agrilia-studios.gr\/index.php?rest_route=\/wp\/v2\/users\/1"}],"replies":[{"embeddable":true,"href":"https:\/\/agrilia-studios.gr\/index.php?rest_route=%2Fwp%2Fv2%2Fcomments&post=137"}],"version-history":[{"count":1,"href":"https:\/\/agrilia-studios.gr\/index.php?rest_route=\/wp\/v2\/pages\/137\/revisions"}],"predecessor-version":[{"id":142,"href":"https:\/\/agrilia-studios.gr\/index.php?rest_route=\/wp\/v2\/pages\/137\/revisions\/142"}],"wp:attachment":[{"href":"https:\/\/agrilia-studios.gr\/index.php?rest_route=%2Fwp%2Fv2%2Fmedia&parent=137"}],"curies":[{"name":"wp","href":"https:\/\/api.w.org\/{rel}","templated":true}]}}